{"id":345,"date":"2025-12-07T13:50:01","date_gmt":"2025-12-07T12:50:01","guid":{"rendered":"http:\/\/bioescucha.test\/?page_id=345"},"modified":"2025-12-07T14:04:08","modified_gmt":"2025-12-07T13:04:08","slug":"aviso-legal","status":"publish","type":"page","link":"https:\/\/formacionbioescucha.com\/formacion-tecnica-bioescucha\/aviso-legal\/","title":{"rendered":"Aviso Legal"},"content":{"rendered":"\n<h1 class=\"wp-block-heading has-text-align-center\">Aviso Legal<\/h1>\n\n\n\n<h2 class=\"wp-block-heading has-x-large-font-size\">I. INFORMACI\u00d3N GENERAL<\/h2>\n\n\n\n<p>En cumplimiento con el deber de informaci\u00f3n dispuesto en la Ley 34\/2002 de Servicios de la Sociedad de la Informaci\u00f3n y el Comercio Electr\u00f3nico (LSSI-CE) de 11 de julio, se facilitan a continuaci\u00f3n los siguientes datos de informaci\u00f3n general de este sitio web:<br>La titularidad de este sitio web, www.institutobioescucha.com, (en adelante, Sitio Web) la ostenta: INSTITUTO BIOESCUCHA SLU, con CIF: B16473951, y cuyos datos de contacto son:<br>Direcci\u00f3n: C\/ MAHON 4 1\u00baD<br>Tel\u00e9fono de contacto: 608072832<br>Email de contacto: info@institutobioescucha.com<\/p>\n\n\n\n<h2 class=\"wp-block-heading has-x-large-font-size\">II. T\u00c9RMINOS Y CONDICIONES GENERALES DE USO<\/h2>\n\n\n\n<p><em><strong>El objeto de las condiciones: El Sitio Web<\/strong><\/em><\/p>\n\n\n\n<p>El objeto de las presentes Condiciones Generales de Uso (en adelante, Condiciones) es regular el acceso y la utilizaci\u00f3n del Sitio Web. A los efectos de las presentes Condiciones se entender\u00e1 como Sitio Web: la apariencia externa de los interfaces de pantalla, tanto de forma est\u00e1tica como de forma din\u00e1mica, es decir, el \u00e1rbol de navegaci\u00f3n; y todos los elementos integrados tanto en los interfaces de pantalla como en el \u00e1rbol de navegaci\u00f3n (en adelante, Contenidos) y todos aquellos servicios o recursos en l\u00ednea que en su caso ofrezca a los Usuarios (en adelante, Servicios).<br>Instituto BioEscucha se reserva la facultad de modificar, en cualquier momento, y sin aviso previo, la presentaci\u00f3n y configuraci\u00f3n del Sitio Web y de los Contenidos y Servicios que en \u00e9l pudieran estar incorporados. El Usuario reconoce y acepta que en cualquier momento Instituto BioEscucha pueda interrumpir, desactivar y\/o cancelar cualquiera de estos elementos que se integran en el Sitio Web o el acceso a los mismos.<br>El acceso al Sitio Web por el Usuario tiene car\u00e1cter libre y, por regla general, es gratuito sin que el Usuario tenga que proporcionar una contraprestaci\u00f3n para poder disfrutar de ello, salvo en lo relativo al coste de conexi\u00f3n a trav\u00e9s de la red de telecomunicaciones suministrada por el proveedor de acceso que hubiere contratado el Usuario.<br>La utilizaci\u00f3n de alguno de los Contenidos o Servicios del Sitio Web podr\u00e1 hacerse mediante la suscripci\u00f3n o registro previo del Usuario<\/p>\n\n\n\n<p><em><strong>El Usuario<\/strong><\/em><\/p>\n\n\n\n<p>El acceso, la navegaci\u00f3n y uso del Sitio Web, as\u00ed como por los espacios habilitados para interactuar entre los Usuarios, y el Usuario y Instituto BioEscucha, como los comentarios y\/o espacios de blogging, confiere la condici\u00f3n de Usuario, por lo que se aceptan, desde que se inicia la navegaci\u00f3n por el Sitio Web, todas las Condiciones aqu\u00ed establecidas, as\u00ed como sus ulteriores modificaciones, sin perjuicio de la aplicaci\u00f3n de la<br>correspondiente normativa legal de obligado cumplimiento seg\u00fan el caso. Dada la relevancia de lo anterior, se recomienda al Usuario leerlas cada vez que visite el Sitio Web.<\/p>\n\n\n\n<p>El Sitio Web de Instituto BioEscucha proporciona gran diversidad de informaci\u00f3n, servicios y datos. El Usuario asume su responsabilidad para realizar un uso correcto del Sitio Web. Esta responsabilidad se extender\u00e1 a:<\/p>\n\n\n\n<ul class=\"wp-block-list\">\n<li>Un uso de la informaci\u00f3n, Contenidos y\/o Servicios y datos ofrecidos por Instituto BioEscucha sin que sea contrario a lo dispuesto por las presentes Condiciones, la Ley, la moral o el orden p\u00fablico, o que de cualquier otro modo puedan suponer lesi\u00f3n de los derechos de terceros o del mismo funcionamiento del Sitio Web.<\/li>\n\n\n\n<li>La veracidad y licitud de las informaciones aportadas por el Usuario en los formularios extendidos por Instituto BioEscucha para el acceso a ciertos<\/li>\n<\/ul>\n\n\n\n<p>Contenidos o Servicios ofrecidos por el Sitio Web. En todo caso, el Usuario notificar\u00e1 de forma inmediata a Instituto BioEscucha acerca de cualquier hecho que permita el uso indebido de la informaci\u00f3n registrada en dichos formularios,<br>tales como, pero no solo, el robo, extrav\u00edo, o el acceso no autorizado a identificadores y\/o contrase\u00f1as, con el fin de proceder a su inmediata cancelaci\u00f3n.<br>Instituto BioEscucha se reserva el derecho de retirar todos aquellos comentarios y aportaciones que vulneren la ley, el respeto a la dignidad de la persona, que sean discriminatorios, xen\u00f3fobos, racistas, pornogr\u00e1ficos, spamming, que atenten contra la juventud o la infancia, el orden o la seguridad p\u00fablica o que, a su juicio, no resultaran adecuados para su publicaci\u00f3n.<\/p>\n\n\n\n<p>En cualquier caso, Instituto BioEscucha no ser\u00e1 responsable de las opiniones vertidas por los Usuarios a trav\u00e9s de comentarios u otras herramientas de blogging o de participaci\u00f3n que pueda haber.<\/p>\n\n\n\n<p>El mero acceso a este Sitio Web no supone entablar ning\u00fan tipo de relaci\u00f3n de car\u00e1cter comercial entre Instituto BioEscucha y el Usuario.<\/p>\n\n\n\n<p>El Usuario declara ser mayor de edad y disponer de la capacidad jur\u00eddica suficiente para vincularse por las presentes Condiciones. Por lo tanto, este Sitio Web de Instituto BioEscucha no se dirige a menores de edad. Instituto BioEscucha declina cualquier responsabilidad por el incumplimiento de este requisito.<\/p>\n\n\n\n<p>El Sitio Web est\u00e1 dirigido principalmente a Usuarios residentes en Espa\u00f1a. Instituto BioEscucha no asegura que el Sitio Web cumpla con legislaciones de otros pa\u00edses, ya sea total o parcialmente. Si el Usuario reside o tiene su domiciliado en otro lugar y decide acceder y\/o navegar en el Sitio Web lo har\u00e1 bajo su propia responsabilidad, deber\u00e1 asegurarse de que tal acceso y navegaci\u00f3n cumple con la legislaci\u00f3n local que le es aplicable, no asumiendo Instituto BioEscucha responsabilidad alguna que se pueda derivar de dicho acceso.<\/p>\n\n\n\n<h2 class=\"wp-block-heading has-x-large-font-size\">III. ACCESO Y NAVEGACI\u00d3N EN EL SITIO WEB: EXCLUSI\u00d3N DE GARANT\u00cdAS Y RESPONSABILIDAD<\/h2>\n\n\n\n<p>Instituto BioEscucha no garantiza la continuidad, disponibilidad y utilidad del Sitio Web, ni de los Contenidos o Servicios. Instituto BioEscucha har\u00e1 todo lo posible por el buen funcionamiento del Sitio Web, sin embargo, no se responsabiliza ni garantiza que el acceso a este Sitio Web no vaya a ser ininterrumpido o que est\u00e9 libre de error.<\/p>\n\n\n\n<p>Tampoco se responsabiliza o garantiza que el contenido o software al que pueda accederse a trav\u00e9s de este Sitio Web, est\u00e9 libre de error o cause un da\u00f1o al sistema inform\u00e1tico (software y hardware) del Usuario. En ning\u00fan caso Instituto BioEscucha ser\u00e1 responsable por las p\u00e9rdidas, da\u00f1os o perjuicios de cualquier tipo que surjan por el acceso, navegaci\u00f3n y el uso del Sitio Web, incluy\u00e9ndose, pero no limit\u00e1ndose, a los ocasionados a los sistemas inform\u00e1ticos o los provocados por la introducci\u00f3n de virus. Instituto BioEscucha tampoco se hace responsable de los da\u00f1os que pudiesen ocasionarse a los usuarios por un uso inadecuado de este Sitio Web. En particular, no se hace responsable en modo alguno de las ca\u00eddas, interrupciones, falta o defecto de las telecomunicaciones que pudieran ocurrir.<\/p>\n\n\n\n<h2 class=\"wp-block-heading has-x-large-font-size\">IV. POL\u00cdTICA DE ENLACES<\/h2>\n\n\n\n<p>Se informa que el Sitio Web de Instituto BioEscucha pone o puede poner a disposici\u00f3n de los Usuarios medios de enlace (como, entre otros, links, banners, botones), directorios y motores de b\u00fasqueda que permiten a los Usuarios acceder a sitios web pertenecientes y\/o gestionados por terceros.<\/p>\n\n\n\n<p>La instalaci\u00f3n de estos enlaces, directorios y motores de b\u00fasqueda en el Sitio Web tiene por objeto facilitar a los Usuarios la b\u00fasqueda de y acceso a la informaci\u00f3n disponible en Internet, sin que pueda considerarse una sugerencia, recomendaci\u00f3n o invitaci\u00f3n para la visita de los mismos.<\/p>\n\n\n\n<p>Instituto BioEscucha no ofrece ni comercializa por s\u00ed ni por medio de terceros los productos y\/o servicios disponibles en dichos sitios enlazados.<\/p>\n\n\n\n<p>Asimismo, tampoco garantizar\u00e1 la disponibilidad t\u00e9cnica, exactitud, veracidad, validez o legalidad de sitios ajenos a su propiedad a los que se pueda acceder por medio de los<br>enlaces.<\/p>\n\n\n\n<p>Instituto BioEscucha en ning\u00fan caso revisar\u00e1 o controlar\u00e1 el contenido de otros sitios web, as\u00ed como tampoco aprueba, examina ni hace propios los productos y servicios, contenidos, archivos y cualquier otro material existente en los referidos sitios enlazados.<\/p>\n\n\n\n<p>Instituto BioEscucha no asume ninguna responsabilidad por los da\u00f1os y perjuicios que pudieran producirse por el acceso, uso, calidad o licitud de los contenidos, comunicaciones, opiniones, productos y servicios de los sitios web no gestionados por Instituto BioEscucha y que sean enlazados en este Sitio Web.<\/p>\n\n\n\n<p>El Usuario o tercero que realice un hiperv\u00ednculo desde una p\u00e1gina web de otro, distinto, sitio web al Sitio Web de Instituto BioEscucha deber\u00e1 saber que:<\/p>\n\n\n\n<p>No se permite la reproducci\u00f3n \u2014total o parcialmente\u2014 de ninguno de los Contenidos y\/o Servicios del Sitio Web sin autorizaci\u00f3n expresa de Instituto BioEscucha.<\/p>\n\n\n\n<p>No se permite tampoco ninguna manifestaci\u00f3n falsa, inexacta o incorrecta sobre el Sitio Web de Instituto BioEscucha, ni sobre los Contenidos y\/o Servicios del mismo.<\/p>\n\n\n\n<p>A excepci\u00f3n del hiperv\u00ednculo, el sitio web en el que se establezca dicho hiperenlace no contendr\u00e1 ning\u00fan elemento, de este Sitio Web, protegido como propiedad intelectual por el ordenamiento jur\u00eddico espa\u00f1ol, salvo autorizaci\u00f3n expresa de Instituto BioEscucha.<\/p>\n\n\n\n<p>El establecimiento del hiperv\u00ednculo no implicar\u00e1 la existencia de relaciones entre Instituto BioEscucha y el titular del sitio web desde el cual se realice, ni el conocimiento y aceptaci\u00f3n de Instituto BioEscucha de los contenidos, servicios y\/o actividades ofrecidas en dicho sitio web, y viceversa.<\/p>\n\n\n\n<h2 class=\"wp-block-heading has-x-large-font-size\">V. PROPIEDAD INTELECTUAL E INDUSTRIAL<\/h2>\n\n\n\n<p>Instituto BioEscucha por s\u00ed o como parte cesionaria, es titular de todos los derechos de propiedad intelectual e industrial del Sitio Web, as\u00ed como de los elementos contenidos en el mismo (a t\u00edtulo enunciativo y no exhaustivo, im\u00e1genes, sonido, audio, v\u00eddeo, software o textos, marcas o logotipos, combinaciones de colores, estructura y dise\u00f1o, selecci\u00f3n de materiales usados, programas de ordenador necesarios para su funcionamiento, acceso y uso, etc.). Ser\u00e1n, por consiguiente, obras protegidas como propiedad intelectual por el ordenamiento jur\u00eddico espa\u00f1ol, si\u00e9ndoles aplicables tanto la normativa espa\u00f1ola y comunitaria en este campo, como los tratados internacionales relativos a la materia y suscritos por Espa\u00f1a.<\/p>\n\n\n\n<p>Todos los derechos reservados. En virtud de lo dispuesto en la Ley de Propiedad Intelectual, quedan expresamente prohibidas la reproducci\u00f3n, la distribuci\u00f3n y la comunicaci\u00f3n p\u00fablica, incluida su modalidad de puesta a disposici\u00f3n, de la totalidad o parte de los contenidos de esta p\u00e1gina web, con fines comerciales, en cualquier soporte y por cualquier medio t\u00e9cnico, sin la autorizaci\u00f3n de Instituto BioEscucha.<\/p>\n\n\n\n<p>El Usuario se compromete a respetar los derechos de propiedad intelectual e industrial de Instituto BioEscucha.<\/p>\n\n\n\n<p>Podr\u00e1 visualizar los elementos del Sitio Web o incluso imprimirlos, copiarlos y almacenarlos en el disco duro de su ordenador o en cualquier otro soporte f\u00edsico siempre y cuando sea, exclusivamente, para su uso personal. El Usuario, sin embargo, no podr\u00e1 suprimir, alterar, o manipular cualquier dispositivo de protecci\u00f3n o sistema de seguridad que estuviera instalado en el Sitio Web.<\/p>\n\n\n\n<p>En caso de que el Usuario o tercero considere que cualquiera de los Contenidos del Sitio Web suponga una violaci\u00f3n de los derechos de protecci\u00f3n de la propiedad intelectual, deber\u00e1 comunicarlo inmediatamente a Instituto BioEscucha a trav\u00e9s de los datos de contacto del apartado de INFORMACI\u00d3N GENERAL de este Aviso Legal y Condiciones Generales de Uso.<\/p>\n\n\n\n<h2 class=\"wp-block-heading has-x-large-font-size\">VI. ACCIONES LEGALES, LEGISLACI\u00d3N APLICABLE Y JURISDICCI\u00d3N<\/h2>\n\n\n\n<p>Instituto BioEscucha se reserva la facultad de presentar las acciones civiles o penales que considere necesarias por la utilizaci\u00f3n indebida del Sitio Web y Contenidos, o por el incumplimiento de las presentes Condiciones.<\/p>\n\n\n\n<p>La relaci\u00f3n entre el Usuario y Instituto BioEscucha se regir\u00e1 por la normativa vigente y de aplicaci\u00f3n en el territorio espa\u00f1ol. De surgir cualquier controversia en relaci\u00f3n con la interpretaci\u00f3n y\/o a la aplicaci\u00f3n de estas Condiciones las partes someter\u00e1n sus conflictos a la jurisdicci\u00f3n ordinaria someti\u00e9ndose a los jueces y tribunales que correspondan conforme a derecho.<\/p>\n\n\n\n<h2 class=\"wp-block-heading has-x-large-font-size\">VII. POL\u00cdTICA DE DESESTIMIENTO<\/h2>\n\n\n\n<p>En cumplimiento de lo dispuesto en la&nbsp;Ley General para la Defensa de los Consumidores y Usuarios&nbsp;(Real Decreto Legislativo 1\/2007),&nbsp;INSTITUTO BIOESCUCHA SL.&nbsp;informa a sus clientes sobre su&nbsp;derecho de desistimiento&nbsp;en la compra de cursos de formaci\u00f3n, tanto en modalidad online como presencial.<\/p>\n\n\n\n<p><strong><em>Plazo para ejercer el desistimiento<\/em><\/strong><\/p>\n\n\n\n<p>El alumno dispone de un plazo de&nbsp;14 d\u00edas naturales&nbsp;desde la formalizaci\u00f3n de la compra para desistir del contrato sin necesidad de justificaci\u00f3n y sin penalizaci\u00f3n alguna,&nbsp;siempre que no haya accedido a los contenidos del curso online o no haya asistido a ninguna sesi\u00f3n en el caso de formaci\u00f3n presencial.<\/p>\n\n\n\n<p><strong><em>Excepciones al derecho de desistimiento<\/em><\/strong><\/p>\n\n\n\n<p>De acuerdo con la legislaci\u00f3n vigente, el derecho de desistimiento&nbsp;no ser\u00e1 aplicable&nbsp;una vez que:<\/p>\n\n\n\n<p>El alumno haya&nbsp;accedido a los contenidos digitales&nbsp;del curso online.<\/p>\n\n\n\n<p>El alumno haya&nbsp;asistido a alguna sesi\u00f3n presencial&nbsp;o recibido material exclusivo asociado al curso.<\/p>\n\n\n\n<p>En ambos casos, se considera que el servicio ha comenzado con el consentimiento expreso del usuario, lo que supone la&nbsp;renuncia expresa al derecho de desistimiento.<\/p>\n\n\n\n<p><strong><em>C\u00f3mo solicitar el desistimiento<\/em><\/strong><\/p>\n\n\n\n<p>Para ejercer el derecho de desistimiento dentro del plazo establecido, el alumno deber\u00e1 enviar un correo electr\u00f3nico a: info@institutobioescucha.com<\/p>\n\n\n\n<p><em>Asunto:&nbsp;Desistimiento de matr\u00edcula<\/em><\/p>\n\n\n\n<p><em>Incluyendo la siguiente informaci\u00f3n:<\/em><\/p>\n\n\n\n<p><em>Nombre completo<\/em><\/p>\n\n\n\n<p><em>Direcci\u00f3n de correo electr\u00f3nico utilizada en la inscripci\u00f3n<\/em><\/p>\n\n\n\n<p><em>Nombre del curso<\/em><\/p>\n\n\n\n<p><em>Fecha de compra<\/em><\/p>\n\n\n\n<p>Una vez validada la solicitud y comprobado el cumplimiento de los requisitos, se proceder\u00e1 al&nbsp;reembolso \u00edntegro&nbsp;en un plazo m\u00e1ximo de&nbsp;14 d\u00edas naturales, utilizando el mismo m\u00e9todo de pago empleado en la compra.<\/p>\n\n\n\n<p><strong><em>Pagos en cuotas<\/em><\/strong><\/p>\n\n\n\n<p>En los casos en los que se haya elegido una&nbsp;modalidad de pago fraccionado, el desistimiento tambi\u00e9n ser\u00e1 v\u00e1lido durante los primeros 14 d\u00edas, siempre que no se haya accedido a los contenidos ni asistido a sesiones. El reembolso incluir\u00e1 el importe total de las cuotas abonadas hasta ese momento.<\/p>\n","protected":false},"excerpt":{"rendered":"<p>Aviso Legal I. INFORMACI\u00d3N GENERAL En cumplimiento con el deber de informaci\u00f3n dispuesto en la Ley 34\/2002 de Servicios de la Sociedad de la Informaci\u00f3n y el Comercio Electr\u00f3nico (LSSI-CE) de 11 de julio, se facilitan a continuaci\u00f3n los siguientes datos de informaci\u00f3n general de este sitio web:La titularidad de este sitio web, www.institutobioescucha.com, (en [&hellip;]<\/p>\n","protected":false},"author":1,"featured_media":0,"parent":0,"menu_order":0,"comment_status":"closed","ping_status":"closed","template":"page.php","meta":{"_acf_changed":false,"footnotes":""},"class_list":["post-345","page","type-page","status-publish","hentry"],"acf":[],"_links":{"self":[{"href":"https:\/\/formacionbioescucha.com\/formacion-tecnica-bioescucha\/wp-json\/wp\/v2\/pages\/345","targetHints":{"allow":["GET"]}}],"collection":[{"href":"https:\/\/formacionbioescucha.com\/formacion-tecnica-bioescucha\/wp-json\/wp\/v2\/pages"}],"about":[{"href":"https:\/\/formacionbioescucha.com\/formacion-tecnica-bioescucha\/wp-json\/wp\/v2\/types\/page"}],"author":[{"embeddable":true,"href":"https:\/\/formacionbioescucha.com\/formacion-tecnica-bioescucha\/wp-json\/wp\/v2\/users\/1"}],"replies":[{"embeddable":true,"href":"https:\/\/formacionbioescucha.com\/formacion-tecnica-bioescucha\/wp-json\/wp\/v2\/comments?post=345"}],"version-history":[{"count":4,"href":"https:\/\/formacionbioescucha.com\/formacion-tecnica-bioescucha\/wp-json\/wp\/v2\/pages\/345\/revisions"}],"predecessor-version":[{"id":350,"href":"https:\/\/formacionbioescucha.com\/formacion-tecnica-bioescucha\/wp-json\/wp\/v2\/pages\/345\/revisions\/350"}],"wp:attachment":[{"href":"https:\/\/formacionbioescucha.com\/formacion-tecnica-bioescucha\/wp-json\/wp\/v2\/media?parent=345"}],"curies":[{"name":"wp","href":"https:\/\/api.w.org\/{rel}","templated":true}]}}